{"id":248,"date":"2024-07-31T09:11:32","date_gmt":"2024-07-31T07:11:32","guid":{"rendered":"https:\/\/drogasotu.com\/?page_id=248"},"modified":"2024-07-31T09:12:55","modified_gmt":"2024-07-31T07:12:55","slug":"248-2","status":"publish","type":"page","link":"https:\/\/drogasotu.com\/index.php\/248-2\/","title":{"rendered":"Aviso Legal"},"content":{"rendered":"\n<p>El presente aviso legal (en adelante, el \u00abAviso Legal\u00bb) regula el uso de la web https:\/\/drogasotu.com (en adelante, el \u00abWeb\u00bb) de la campa\u00f1a Drogas o t\u00fa gestionada por Alegr\u00eda Activity S.L (en adelante, \u201calegria-activity\u201d) con domicilio social en CALLE LANDALUZEA (POL. JUNDIZ) 24 , VITORIA-GASTEIZ, 01015, ALAVA con CIF B01286442.<\/p>\n\n\n\n<h5 class=\"wp-block-heading\">Contenido y uso<\/h5>\n\n\n\n<p>El Usuario queda informado y acepta, que el acceso a la presente web no supone -en modo alguno- el inicio de una relaci\u00f3n comercial con alegria activity. Los contenidos e informaci\u00f3n no vinculan a alegria-activity, ni constituyen opiniones, consejos o asesoramiento de consideraci\u00f3n legal de ning\u00fan tipo pues se trata meramente de un servicio ofrecido con car\u00e1cter informativo y divulgativo. El titular del web no se identifica con las opiniones vertidas en el mismo por sus colaboradores. La Empresa se reserva el derecho de efectuar sin previo aviso las modificaciones que considere oportunas en su Web, pudiendo cambiar, suprimir o a\u00f1adir tanto los contenidos y servicios que se presten a trav\u00e9s de la misma como la forma en la que \u00e9stos aparezcan presentados o localizados en sus servidores.<br>El sitio web https:\/\/alegria-activity.com no utiliza cookies propias. En cualquier caso, el usuario tiene la posibilidad de configurar el navegador de tal modo que impida la instalaci\u00f3n de estos archivos. La p\u00e1gina de Internet de drogas o t\u00fa puede contener enlaces (links) a otras p\u00e1ginas de terceras partes que drogas o t\u00fa no puede controlar. Por lo tanto,\u00a0alegria-activity\u00a0no puede asumir responsabilidades por el contenido que pueda aparecer en p\u00e1ginas de terceros. La presencia de enlaces (links) en las p\u00e1ginas web de drogas o t\u00fa tiene finalidad meramente informativa y en ning\u00fan caso supone sugerencia, invitaci\u00f3n o recomendaci\u00f3n sobre los mismos.<br>Los textos, im\u00e1genes, sonidos, animaciones, software y el resto de contenidos incluidos en este website son propiedad exclusiva de\u00a0alegria-activity\u00a0o su cliente. Cualquier acto de transmisi\u00f3n, distribuci\u00f3n, cesi\u00f3n, reproducci\u00f3n, almacenamiento o comunicaci\u00f3n p\u00fablica total o parcial, debe contar con el consentimiento expreso de ambos. De todas formas, alegria-activity, no puede asumir ninguna responsabilidad derivada del uso incorrecto, inapropiado o il\u00edcito de la informaci\u00f3n aparecida en esta p\u00e1gina de Internet, en este sentido y con los l\u00edmites establecidos en la ley, alegria-activity no asume ninguna responsabilidad derivada de la falta de veracidad, integridad, actualizaci\u00f3n y precisi\u00f3n de los datos o informaciones que se contienen en sus p\u00e1ginas de Internet.<br>Asimismo, para acceder a algunos de los servicios que alegria activity ofrece a trav\u00e9s del website deber\u00e1 proporcionar algunos datos de car\u00e1cter personal. En cumplimiento de lo establecido en Ley Org\u00e1nica 3\/2018, de 5 de diciembre, de Protecci\u00f3n de Datos Personales y garant\u00eda de los derechos digitales, le informamos que, mediante la cumplimentaci\u00f3n de los presentes formularios, sus datos personales quedar\u00e1n incorporados y ser\u00e1n tratados en los ficheros de alegria activity con el fin de poderle prestar y ofrecer nuestros servicios as\u00ed como para informarle de las mejoras del sitio Web.<br>Asimismo, le informamos de la posibilidad de que ejerza los derechos de acceso, rectificaci\u00f3n, cancelaci\u00f3n, oposici\u00f3n, limitaci\u00f3n en el tratamiento y portabilidad de sus datos de car\u00e1cter personal, manera gratuita mediante la remisi\u00f3n de escrito dirigido al Delegado de Protecci\u00f3n de Datos en la direcci\u00f3n: Calle Landaluzea, 24 (01015) de Vitoria-Gasteiz (\u00c1lava) o en la direcci\u00f3n electr\u00f3nica lopd@alegria-activity.com<br>alegria-activity dispone de un Sistema de Gesti\u00f3n de la Calidad y Medio Ambiente, certificados de acuerdo a las normas ISO 9001:2015 e ISO 14001:2015, cuya Pol\u00edtica puede ser consultada por cualquier parte interesada. Para ello solamente deber\u00e1 remitir su solicitud a la siguiente direcci\u00f3n: https:\/\/alegria-activity.com\/calidad-y-medio-ambiente\/<\/p>\n","protected":false},"excerpt":{"rendered":"<p>El presente aviso legal (en adelante, el \u00abAviso Legal\u00bb) regula el uso de la web https:\/\/drogasotu.com (en adelante, el \u00abWeb\u00bb)<\/p>\n","protected":false},"author":1,"featured_media":0,"parent":0,"menu_order":0,"comment_status":"closed","ping_status":"closed","template":"","meta":{"_uag_custom_page_level_css":"","site-sidebar-layout":"default","site-content-layout":"","ast-site-content-layout":"","site-content-style":"default","site-sidebar-style":"default","ast-global-header-display":"","ast-banner-title-visibility":"","ast-main-header-display":"","ast-hfb-above-header-display":"","ast-hfb-below-header-display":"","ast-hfb-mobile-header-display":"","site-post-title":"","ast-breadcrumbs-content":"","ast-featured-img":"","footer-sml-layout":"","theme-transparent-header-meta":"","adv-header-id-meta":"","stick-header-meta":"","header-above-stick-meta":"","header-main-stick-meta":"","header-below-stick-meta":"","astra-migrate-meta-layouts":"default","ast-page-background-enabled":"default","ast-page-background-meta":{"desktop":{"background-color":"var(--ast-global-color-4)","background-image":"","background-repeat":"repeat","background-position":"center center","background-size":"auto","background-attachment":"scroll","background-type":"","background-media":"","overlay-type":"","overlay-color":"","overlay-opacity":"","overlay-gradient":""},"tablet":{"background-color":"","background-image":"","background-repeat":"repeat","background-position":"center center","background-size":"auto","background-attachment":"scroll","background-type":"","background-media":"","overlay-type":"","overlay-color":"","overlay-opacity":"","overlay-gradient":""},"mobile":{"background-color":"","background-image":"","background-repeat":"repeat","background-position":"center center","background-size":"auto","background-attachment":"scroll","background-type":"","background-media":"","overlay-type":"","overlay-color":"","overlay-opacity":"","overlay-gradient":""}},"ast-content-background-meta":{"desktop":{"background-color":"var(--ast-global-color-5)","background-image":"","background-repeat":"repeat","background-position":"center center","background-size":"auto","background-attachment":"scroll","background-type":"","background-media":"","overlay-type":"","overlay-color":"","overlay-opacity":"","overlay-gradient":""},"tablet":{"background-color":"var(--ast-global-color-5)","background-image":"","background-repeat":"repeat","background-position":"center center","background-size":"auto","background-attachment":"scroll","background-type":"","background-media":"","overlay-type":"","overlay-color":"","overlay-opacity":"","overlay-gradient":""},"mobile":{"background-color":"var(--ast-global-color-5)","background-image":"","background-repeat":"repeat","background-position":"center center","background-size":"auto","background-attachment":"scroll","background-type":"","background-media":"","overlay-type":"","overlay-color":"","overlay-opacity":"","overlay-gradient":""}},"footnotes":""},"class_list":["post-248","page","type-page","status-publish","hentry"],"uagb_featured_image_src":{"full":false,"thumbnail":false,"medium":false,"medium_large":false,"large":false,"1536x1536":false,"2048x2048":false},"uagb_author_info":{"display_name":"admin","author_link":"https:\/\/drogasotu.com\/index.php\/author\/jon_bhsl7b9f\/"},"uagb_comment_info":0,"uagb_excerpt":"El presente aviso legal (en adelante, el \u00abAviso Legal\u00bb) regula el uso de la web https:\/\/drogasotu.com (en adelante, el \u00abWeb\u00bb)","_links":{"self":[{"href":"https:\/\/drogasotu.com\/index.php\/wp-json\/wp\/v2\/pages\/248","targetHints":{"allow":["GET"]}}],"collection":[{"href":"https:\/\/drogasotu.com\/index.php\/wp-json\/wp\/v2\/pages"}],"about":[{"href":"https:\/\/drogasotu.com\/index.php\/wp-json\/wp\/v2\/types\/page"}],"author":[{"embeddable":true,"href":"https:\/\/drogasotu.com\/index.php\/wp-json\/wp\/v2\/users\/1"}],"replies":[{"embeddable":true,"href":"https:\/\/drogasotu.com\/index.php\/wp-json\/wp\/v2\/comments?post=248"}],"version-history":[{"count":2,"href":"https:\/\/drogasotu.com\/index.php\/wp-json\/wp\/v2\/pages\/248\/revisions"}],"predecessor-version":[{"id":250,"href":"https:\/\/drogasotu.com\/index.php\/wp-json\/wp\/v2\/pages\/248\/revisions\/250"}],"wp:attachment":[{"href":"https:\/\/drogasotu.com\/index.php\/wp-json\/wp\/v2\/media?parent=248"}],"curies":[{"name":"wp","href":"https:\/\/api.w.org\/{rel}","templated":true}]}}